{"id":203,"date":"2024-09-18T08:33:32","date_gmt":"2024-09-18T06:33:32","guid":{"rendered":"https:\/\/djarquitectura.com\/?page_id=203"},"modified":"2024-10-06T09:45:45","modified_gmt":"2024-10-06T07:45:45","slug":"declaracion-de-accesibilidad","status":"publish","type":"page","link":"https:\/\/djarquitectura.com\/en\/declaracion-de-accesibilidad\/","title":{"rendered":"Declaraci\u00f3n de accesibilidad"},"content":{"rendered":"<div data-elementor-type=\"wp-page\" data-elementor-id=\"203\" class=\"elementor elementor-203\" data-elementor-post-type=\"page\">\n\t\t\t\t<div class=\"elementor-element elementor-element-5d9e778 e-flex e-con-boxed e-con e-parent\" data-id=\"5d9e778\" data-element_type=\"container\" data-settings=\"{&quot;background_background&quot;:&quot;classic&quot;}\">\n\t\t\t\t\t<div class=\"e-con-inner\">\n\t\t\t\t<div class=\"elementor-element elementor-element-072513f elementor-widget elementor-widget-breadcrumbs\" data-id=\"072513f\" data-element_type=\"widget\" data-widget_type=\"breadcrumbs.default\">\n\t\t\t\t<div class=\"elementor-widget-container\">\n\t\t\t\t\t<p id=\"breadcrumbs\"><span><span><a href=\"https:\/\/djarquitectura.com\/en\/\">Inicio<\/a><\/span><\/span><\/p>\t\t\t\t<\/div>\n\t\t\t\t<\/div>\n\t\t\t\t<div class=\"elementor-element elementor-element-4cbcd7b elementor-widget elementor-widget-heading\" data-id=\"4cbcd7b\" data-element_type=\"widget\" data-settings=\"{&quot;_animation&quot;:&quot;none&quot;}\" data-widget_type=\"heading.default\">\n\t\t\t\t<div class=\"elementor-widget-container\">\n\t\t\t\t\t<h1 class=\"elementor-heading-title elementor-size-default\">Declaraci\u00f3n de accesibilidad<\/h1>\t\t\t\t<\/div>\n\t\t\t\t<\/div>\n\t\t\t\t<div class=\"elementor-element elementor-element-5e94f0c elementor-widget elementor-widget-text-editor\" data-id=\"5e94f0c\" data-element_type=\"widget\" data-widget_type=\"text-editor.default\">\n\t\t\t\t<div class=\"elementor-widget-container\">\n\t\t\t\t\t\t\t\t\t<p>Nuestro sitio web djarquitectura.com, ha sido dise\u00f1ado y desarrollado con el objetivo de ser accesible para todos los usuarios, independientemente de sus habilidades o discapacidades. Hemos seguido las normas y est\u00e1ndares de accesibilidad establecidos por el Web Content Accessibility Guidelines (WCAG) 2.1 para garantizar que nuestro sitio sea f\u00e1cil de usar para todos.<\/p><p>Para lograr esto, hemos utilizado el sistema de gesti\u00f3n de contenidos WordPress, as\u00ed como los plugins Elementor y Wp Accessibility. Estos plugins nos han permitido crear una interfaz de usuario intuitiva y f\u00e1cil de navegar, y tambi\u00e9n han proporcionado funciones espec\u00edficas de accesibilidad, como la posibilidad de aumentar el tama\u00f1o del texto, cambiar los colores de la interfaz y utilizar la navegaci\u00f3n por teclado.<\/p><p>Si tiene alg\u00fan problema para acceder a la informaci\u00f3n en nuestro sitio, o si encuentra alg\u00fan error, por favor cont\u00e1ctenos a trav\u00e9s de nuestro correo electr\u00f3nico diego@djarquitectura.com. Haremos todo lo posible para proporcionarle la informaci\u00f3n de la forma que mejor se adapte a sus necesidades.<\/p><p>Estamos comprometidos a mejorar continuamente la accesibilidad de nuestro sitio y agradecemos cualquier comentario o sugerencia que pueda tener.<\/p><p>Fecha de la \u00faltima revisi\u00f3n: 18-09-2024<\/p>\t\t\t\t\t\t\t\t<\/div>\n\t\t\t\t<\/div>\n\t\t\t\t\t<\/div>\n\t\t\t\t<\/div>\n\t\t\t\t<\/div>","protected":false},"excerpt":{"rendered":"<p>Declaraci\u00f3n de accesibilidad Nuestro sitio web djarquitectura.com, ha sido dise\u00f1ado y desarrollado con el objetivo de ser accesible para todos los usuarios, independientemente de sus habilidades o discapacidades. Hemos seguido las normas y est\u00e1ndares de accesibilidad establecidos por el Web Content Accessibility Guidelines (WCAG) 2.1 para garantizar que nuestro sitio sea f\u00e1cil de usar para [&hellip;]<\/p>","protected":false},"author":1,"featured_media":0,"parent":0,"menu_order":0,"comment_status":"closed","ping_status":"closed","template":"elementor_header_footer","meta":{"footnotes":""},"class_list":["post-203","page","type-page","status-publish","hentry"],"yoast_head":"<!-- This site is optimized with the Yoast SEO plugin v26.2 - https:\/\/yoast.com\/wordpress\/plugins\/seo\/ -->\n<title>Declaraci\u00f3n de accesibilidad - djarquitectura.com<\/title>\n<meta name=\"robots\" content=\"index, follow, max-snippet:-1, max-image-preview:large, max-video-preview:-1\" \/>\n<link rel=\"canonical\" href=\"https:\/\/djarquitectura.com\/en\/declaracion-de-accesibilidad\/\" \/>\n<meta property=\"og:locale\" content=\"en_GB\" \/>\n<meta property=\"og:type\" content=\"article\" \/>\n<meta property=\"og:title\" content=\"Declaraci\u00f3n de accesibilidad - djarquitectura.com\" \/>\n<meta property=\"og:description\" content=\"Declaraci\u00f3n de accesibilidad Nuestro sitio web djarquitectura.com, ha sido dise\u00f1ado y desarrollado con el objetivo de ser accesible para todos los usuarios, independientemente de sus habilidades o discapacidades. Hemos seguido las normas y est\u00e1ndares de accesibilidad establecidos por el Web Content Accessibility Guidelines (WCAG) 2.1 para garantizar que nuestro sitio sea f\u00e1cil de usar para [&hellip;]\" \/>\n<meta property=\"og:url\" content=\"https:\/\/djarquitectura.com\/en\/declaracion-de-accesibilidad\/\" \/>\n<meta property=\"og:site_name\" content=\"djarquitectura.com\" \/>\n<meta property=\"article:modified_time\" content=\"2024-10-06T07:45:45+00:00\" \/>\n<meta name=\"twitter:card\" content=\"summary_large_image\" \/>\n<meta name=\"twitter:label1\" content=\"Estimated reading time\" \/>\n\t<meta name=\"twitter:data1\" content=\"1 minute\" \/>\n<script type=\"application\/ld+json\" class=\"yoast-schema-graph\">{\"@context\":\"https:\/\/schema.org\",\"@graph\":[{\"@type\":\"WebPage\",\"@id\":\"https:\/\/djarquitectura.com\/declaracion-de-accesibilidad\/\",\"url\":\"https:\/\/djarquitectura.com\/declaracion-de-accesibilidad\/\",\"name\":\"Declaraci\u00f3n de accesibilidad - djarquitectura.com\",\"isPartOf\":{\"@id\":\"https:\/\/djarquitectura.com\/#website\"},\"datePublished\":\"2024-09-18T06:33:32+00:00\",\"dateModified\":\"2024-10-06T07:45:45+00:00\",\"breadcrumb\":{\"@id\":\"https:\/\/djarquitectura.com\/declaracion-de-accesibilidad\/#breadcrumb\"},\"inLanguage\":\"en-GB\",\"potentialAction\":[{\"@type\":\"ReadAction\",\"target\":[\"https:\/\/djarquitectura.com\/declaracion-de-accesibilidad\/\"]}]},{\"@type\":\"BreadcrumbList\",\"@id\":\"https:\/\/djarquitectura.com\/declaracion-de-accesibilidad\/#breadcrumb\",\"itemListElement\":[{\"@type\":\"ListItem\",\"position\":1,\"name\":\"Inicio\",\"item\":\"https:\/\/djarquitectura.com\/\"},{\"@type\":\"ListItem\",\"position\":2,\"name\":\"Declaraci\u00f3n de accesibilidad\"}]},{\"@type\":\"WebSite\",\"@id\":\"https:\/\/djarquitectura.com\/#website\",\"url\":\"https:\/\/djarquitectura.com\/\",\"name\":\"djarquitectura.com\",\"description\":\"\",\"potentialAction\":[{\"@type\":\"SearchAction\",\"target\":{\"@type\":\"EntryPoint\",\"urlTemplate\":\"https:\/\/djarquitectura.com\/?s={search_term_string}\"},\"query-input\":{\"@type\":\"PropertyValueSpecification\",\"valueRequired\":true,\"valueName\":\"search_term_string\"}}],\"inLanguage\":\"en-GB\"}]}<\/script>\n<!-- \/ Yoast SEO plugin. -->","yoast_head_json":{"title":"Declaraci\u00f3n de accesibilidad - djarquitectura.com","robots":{"index":"index","follow":"follow","max-snippet":"max-snippet:-1","max-image-preview":"max-image-preview:large","max-video-preview":"max-video-preview:-1"},"canonical":"https:\/\/djarquitectura.com\/en\/declaracion-de-accesibilidad\/","og_locale":"en_GB","og_type":"article","og_title":"Declaraci\u00f3n de accesibilidad - djarquitectura.com","og_description":"Declaraci\u00f3n de accesibilidad Nuestro sitio web djarquitectura.com, ha sido dise\u00f1ado y desarrollado con el objetivo de ser accesible para todos los usuarios, independientemente de sus habilidades o discapacidades. Hemos seguido las normas y est\u00e1ndares de accesibilidad establecidos por el Web Content Accessibility Guidelines (WCAG) 2.1 para garantizar que nuestro sitio sea f\u00e1cil de usar para [&hellip;]","og_url":"https:\/\/djarquitectura.com\/en\/declaracion-de-accesibilidad\/","og_site_name":"djarquitectura.com","article_modified_time":"2024-10-06T07:45:45+00:00","twitter_card":"summary_large_image","twitter_misc":{"Estimated reading time":"1 minute"},"schema":{"@context":"https:\/\/schema.org","@graph":[{"@type":"WebPage","@id":"https:\/\/djarquitectura.com\/declaracion-de-accesibilidad\/","url":"https:\/\/djarquitectura.com\/declaracion-de-accesibilidad\/","name":"Declaraci\u00f3n de accesibilidad - djarquitectura.com","isPartOf":{"@id":"https:\/\/djarquitectura.com\/#website"},"datePublished":"2024-09-18T06:33:32+00:00","dateModified":"2024-10-06T07:45:45+00:00","breadcrumb":{"@id":"https:\/\/djarquitectura.com\/declaracion-de-accesibilidad\/#breadcrumb"},"inLanguage":"en-GB","potentialAction":[{"@type":"ReadAction","target":["https:\/\/djarquitectura.com\/declaracion-de-accesibilidad\/"]}]},{"@type":"BreadcrumbList","@id":"https:\/\/djarquitectura.com\/declaracion-de-accesibilidad\/#breadcrumb","itemListElement":[{"@type":"ListItem","position":1,"name":"Inicio","item":"https:\/\/djarquitectura.com\/"},{"@type":"ListItem","position":2,"name":"Declaraci\u00f3n de accesibilidad"}]},{"@type":"WebSite","@id":"https:\/\/djarquitectura.com\/#website","url":"https:\/\/djarquitectura.com\/","name":"djarquitectura.com","description":"","potentialAction":[{"@type":"SearchAction","target":{"@type":"EntryPoint","urlTemplate":"https:\/\/djarquitectura.com\/?s={search_term_string}"},"query-input":{"@type":"PropertyValueSpecification","valueRequired":true,"valueName":"search_term_string"}}],"inLanguage":"en-GB"}]}},"_links":{"self":[{"href":"https:\/\/djarquitectura.com\/en\/wp-json\/wp\/v2\/pages\/203","targetHints":{"allow":["GET"]}}],"collection":[{"href":"https:\/\/djarquitectura.com\/en\/wp-json\/wp\/v2\/pages"}],"about":[{"href":"https:\/\/djarquitectura.com\/en\/wp-json\/wp\/v2\/types\/page"}],"author":[{"embeddable":true,"href":"https:\/\/djarquitectura.com\/en\/wp-json\/wp\/v2\/users\/1"}],"replies":[{"embeddable":true,"href":"https:\/\/djarquitectura.com\/en\/wp-json\/wp\/v2\/comments?post=203"}],"version-history":[{"count":7,"href":"https:\/\/djarquitectura.com\/en\/wp-json\/wp\/v2\/pages\/203\/revisions"}],"predecessor-version":[{"id":321,"href":"https:\/\/djarquitectura.com\/en\/wp-json\/wp\/v2\/pages\/203\/revisions\/321"}],"wp:attachment":[{"href":"https:\/\/djarquitectura.com\/en\/wp-json\/wp\/v2\/media?parent=203"}],"curies":[{"name":"wp","href":"https:\/\/api.w.org\/{rel}","templated":true}]}}