{"id":421,"date":"2024-11-09T08:58:03","date_gmt":"2024-11-09T07:58:03","guid":{"rendered":"https:\/\/djarquitectura.com\/?page_id=421"},"modified":"2024-11-11T15:32:21","modified_gmt":"2024-11-11T14:32:21","slug":"edificio-transitarios-puerto-motril","status":"publish","type":"page","link":"https:\/\/djarquitectura.com\/en\/proyectos\/edificio-transitarios-puerto-motril\/","title":{"rendered":"Edificio de transitarios del Puerto de Motril"},"content":{"rendered":"<div data-elementor-type=\"wp-page\" data-elementor-id=\"421\" class=\"elementor elementor-421\" data-elementor-post-type=\"page\">\n\t\t\t\t<div class=\"elementor-element elementor-element-8ee1ed6 e-con-full e-flex e-con e-parent\" data-id=\"8ee1ed6\" data-element_type=\"container\" data-settings=\"{&quot;background_background&quot;:&quot;classic&quot;}\">\n\t\t<div class=\"elementor-element elementor-element-fa97d43 e-con-full e-flex e-con e-child\" data-id=\"fa97d43\" data-element_type=\"container\">\n\t\t\t\t<div class=\"elementor-element elementor-element-2a5e5ab elementor-widget elementor-widget-breadcrumbs\" data-id=\"2a5e5ab\" data-element_type=\"widget\" data-widget_type=\"breadcrumbs.default\">\n\t\t\t\t<div class=\"elementor-widget-container\">\n\t\t\t\t\t<p id=\"breadcrumbs\"><span><span><a href=\"https:\/\/djarquitectura.com\/en\/\">Inicio<\/a><\/span><\/span><\/p>\t\t\t\t<\/div>\n\t\t\t\t<\/div>\n\t\t\t\t<div class=\"elementor-element elementor-element-8efab4b elementor-widget elementor-widget-heading\" data-id=\"8efab4b\" data-element_type=\"widget\" data-widget_type=\"heading.default\">\n\t\t\t\t<div class=\"elementor-widget-container\">\n\t\t\t\t\t<h1 class=\"elementor-heading-title elementor-size-default\"><b>E<\/b>dificio de transitarios del Puerto de Motril<\/h1>\t\t\t\t<\/div>\n\t\t\t\t<\/div>\n\t\t\t\t<div class=\"elementor-element elementor-element-d377b42 elementor-widget elementor-widget-text-editor\" data-id=\"d377b42\" data-element_type=\"widget\" data-widget_type=\"text-editor.default\">\n\t\t\t\t<div class=\"elementor-widget-container\">\n\t\t\t\t\t\t\t\t\t<p><strong>E<\/strong>l proyecto nace como experiencia para construir un prototipo de hormig\u00f3n adecuado a entornos marinos. Se ha aplicado una estrategia de investigaci\u00f3n heur\u00edstica que combina el c\u00e1lculo te\u00f3rico con la pr\u00e1ctica en la construcci\u00f3n de dos caso de estudio. Se ha dise\u00f1ado para ello un panel que pudiera ser estructural y envolvente.<br \/>Los elementos prefabricados tienen una geometr\u00eda que permite un encaje de las piezas entre ellas que evita medios auxiliares en obra; y la eliminaci\u00f3n de las armaduras de acero la liberado la obligaci\u00f3n normativa de los recubrimientos de hormig\u00f3n y en consecuencia la reducci\u00f3n del consumo de material.<\/p>\t\t\t\t\t\t\t\t<\/div>\n\t\t\t\t<\/div>\n\t\t\t\t<div class=\"elementor-element elementor-element-ecc71ea elementor-widget elementor-widget-heading\" data-id=\"ecc71ea\" data-element_type=\"widget\" data-widget_type=\"heading.default\">\n\t\t\t\t<div class=\"elementor-widget-container\">\n\t\t\t\t\t<p class=\"elementor-heading-title elementor-size-default\">Puerto de Motril, oto\u00f1o de 2020<\/p>\t\t\t\t<\/div>\n\t\t\t\t<\/div>\n\t\t\t\t<\/div>\n\t\t\t\t<\/div>\n\t\t<div class=\"elementor-element elementor-element-bcec6e8 e-con-full e-flex e-con e-parent\" data-id=\"bcec6e8\" data-element_type=\"container\">\n\t\t\t\t<div class=\"elementor-element elementor-element-155ed1d elementor-widget elementor-widget-image\" data-id=\"155ed1d\" data-element_type=\"widget\" data-widget_type=\"image.default\">\n\t\t\t\t<div class=\"elementor-widget-container\">\n\t\t\t\t\t\t\t\t\t\t\t\t\t\t\t<img fetchpriority=\"high\" decoding=\"async\" width=\"1500\" height=\"608\" src=\"https:\/\/djarquitectura.com\/wp-content\/uploads\/2024\/11\/020-PABELLON-PREFABRICADO.jpg\" class=\"attachment-full size-full wp-image-429\" alt=\"\" srcset=\"https:\/\/djarquitectura.com\/wp-content\/uploads\/2024\/11\/020-PABELLON-PREFABRICADO.jpg 1500w, https:\/\/djarquitectura.com\/wp-content\/uploads\/2024\/11\/020-PABELLON-PREFABRICADO-300x122.jpg 300w, https:\/\/djarquitectura.com\/wp-content\/uploads\/2024\/11\/020-PABELLON-PREFABRICADO-1024x415.jpg 1024w, https:\/\/djarquitectura.com\/wp-content\/uploads\/2024\/11\/020-PABELLON-PREFABRICADO-768x311.jpg 768w, https:\/\/djarquitectura.com\/wp-content\/uploads\/2024\/11\/020-PABELLON-PREFABRICADO-18x7.jpg 18w\" sizes=\"(max-width: 1500px) 100vw, 1500px\" \/>\t\t\t\t\t\t\t\t\t\t\t\t\t\t\t<\/div>\n\t\t\t\t<\/div>\n\t\t\t\t<\/div>\n\t\t<div class=\"elementor-element elementor-element-e4b655f e-con-full e-flex e-con e-parent\" data-id=\"e4b655f\" data-element_type=\"container\">\n\t\t\t\t<div class=\"elementor-element elementor-element-9e417bf elementor-widget elementor-widget-gallery\" data-id=\"9e417bf\" data-element_type=\"widget\" data-settings=\"{&quot;gallery_layout&quot;:&quot;justified&quot;,&quot;ideal_row_height&quot;:{&quot;unit&quot;:&quot;px&quot;,&quot;size&quot;:329,&quot;sizes&quot;:[]},&quot;ideal_row_height_tablet&quot;:{&quot;unit&quot;:&quot;px&quot;,&quot;size&quot;:150,&quot;sizes&quot;:[]},&quot;ideal_row_height_mobile&quot;:{&quot;unit&quot;:&quot;px&quot;,&quot;size&quot;:150,&quot;sizes&quot;:[]},&quot;gap&quot;:{&quot;unit&quot;:&quot;px&quot;,&quot;size&quot;:10,&quot;sizes&quot;:[]},&quot;gap_tablet&quot;:{&quot;unit&quot;:&quot;px&quot;,&quot;size&quot;:10,&quot;sizes&quot;:[]},&quot;gap_mobile&quot;:{&quot;unit&quot;:&quot;px&quot;,&quot;size&quot;:10,&quot;sizes&quot;:[]},&quot;link_to&quot;:&quot;file&quot;}\" data-widget_type=\"gallery.default\">\n\t\t\t\t<div class=\"elementor-widget-container\">\n\t\t\t\t\t\t\t<div class=\"elementor-gallery__container\">\n\t\t\t\t\t\t\t<a class=\"e-gallery-item elementor-gallery-item\" href=\"https:\/\/djarquitectura.com\/wp-content\/uploads\/2024\/11\/000-PORTADA-PABELLON-PREFABRICADO.jpg\" data-elementor-open-lightbox=\"yes\" data-elementor-lightbox-slideshow=\"9e417bf\" data-elementor-lightbox-title=\"000-PORTADA-PABELL\u00d3N-PREFABRICADO\" data-e-action-hash=\"#elementor-action%3Aaction%3Dlightbox%26settings%3DeyJpZCI6NDI4LCJ1cmwiOiJodHRwczpcL1wvZGphcnF1aXRlY3R1cmEuY29tXC93cC1jb250ZW50XC91cGxvYWRzXC8yMDI0XC8xMVwvMDAwLVBPUlRBREEtUEFCRUxMT04tUFJFRkFCUklDQURPLmpwZyIsInNsaWRlc2hvdyI6IjllNDE3YmYifQ%3D%3D\">\n\t\t\t\t\t<div class=\"e-gallery-image elementor-gallery-item__image\" data-thumbnail=\"https:\/\/djarquitectura.com\/wp-content\/uploads\/2024\/11\/000-PORTADA-PABELLON-PREFABRICADO.jpg\" data-width=\"800\" data-height=\"800\" aria-label=\"\" role=\"img\" ><\/div>\n\t\t\t\t\t\t\t\t\t\t\t\t\t\t<\/a>\n\t\t\t\t\t\t\t<a class=\"e-gallery-item elementor-gallery-item\" href=\"https:\/\/djarquitectura.com\/wp-content\/uploads\/2024\/11\/030-PABELLON-PREFABRICADO.jpg\" data-elementor-open-lightbox=\"yes\" data-elementor-lightbox-slideshow=\"9e417bf\" data-elementor-lightbox-title=\"030-PABELL\u00d3N-PREFABRICADO\" data-e-action-hash=\"#elementor-action%3Aaction%3Dlightbox%26settings%3DeyJpZCI6NDI3LCJ1cmwiOiJodHRwczpcL1wvZGphcnF1aXRlY3R1cmEuY29tXC93cC1jb250ZW50XC91cGxvYWRzXC8yMDI0XC8xMVwvMDMwLVBBQkVMTE9OLVBSRUZBQlJJQ0FETy5qcGciLCJzbGlkZXNob3ciOiI5ZTQxN2JmIn0%3D\">\n\t\t\t\t\t<div class=\"e-gallery-image elementor-gallery-item__image\" data-thumbnail=\"https:\/\/djarquitectura.com\/wp-content\/uploads\/2024\/11\/030-PABELLON-PREFABRICADO.jpg\" data-width=\"1200\" data-height=\"542\" aria-label=\"\" role=\"img\" ><\/div>\n\t\t\t\t\t\t\t\t\t\t\t\t\t\t<\/a>\n\t\t\t\t\t\t\t<a class=\"e-gallery-item elementor-gallery-item\" href=\"https:\/\/djarquitectura.com\/wp-content\/uploads\/2024\/11\/040-PABELLON-PREFABRICADO.jpg\" data-elementor-open-lightbox=\"yes\" data-elementor-lightbox-slideshow=\"9e417bf\" data-elementor-lightbox-title=\"040-PABELL\u00d3N-PREFABRICADO\" data-e-action-hash=\"#elementor-action%3Aaction%3Dlightbox%26settings%3DeyJpZCI6NDI2LCJ1cmwiOiJodHRwczpcL1wvZGphcnF1aXRlY3R1cmEuY29tXC93cC1jb250ZW50XC91cGxvYWRzXC8yMDI0XC8xMVwvMDQwLVBBQkVMTE9OLVBSRUZBQlJJQ0FETy5qcGciLCJzbGlkZXNob3ciOiI5ZTQxN2JmIn0%3D\">\n\t\t\t\t\t<div class=\"e-gallery-image elementor-gallery-item__image\" data-thumbnail=\"https:\/\/djarquitectura.com\/wp-content\/uploads\/2024\/11\/040-PABELLON-PREFABRICADO.jpg\" data-width=\"800\" data-height=\"913\" aria-label=\"\" role=\"img\" ><\/div>\n\t\t\t\t\t\t\t\t\t\t\t\t\t\t<\/a>\n\t\t\t\t\t\t\t<a class=\"e-gallery-item elementor-gallery-item\" href=\"https:\/\/djarquitectura.com\/wp-content\/uploads\/2024\/11\/050-PABELLON-PREFABRICADO.jpg\" data-elementor-open-lightbox=\"yes\" data-elementor-lightbox-slideshow=\"9e417bf\" data-elementor-lightbox-title=\"050-PABELL\u00d3N-PREFABRICADO\" data-e-action-hash=\"#elementor-action%3Aaction%3Dlightbox%26settings%3DeyJpZCI6NDI1LCJ1cmwiOiJodHRwczpcL1wvZGphcnF1aXRlY3R1cmEuY29tXC93cC1jb250ZW50XC91cGxvYWRzXC8yMDI0XC8xMVwvMDUwLVBBQkVMTE9OLVBSRUZBQlJJQ0FETy5qcGciLCJzbGlkZXNob3ciOiI5ZTQxN2JmIn0%3D\">\n\t\t\t\t\t<div class=\"e-gallery-image elementor-gallery-item__image\" data-thumbnail=\"https:\/\/djarquitectura.com\/wp-content\/uploads\/2024\/11\/050-PABELLON-PREFABRICADO.jpg\" data-width=\"533\" data-height=\"800\" aria-label=\"\" role=\"img\" ><\/div>\n\t\t\t\t\t\t\t\t\t\t\t\t\t\t<\/a>\n\t\t\t\t\t<\/div>\n\t\t\t\t\t<\/div>\n\t\t\t\t<\/div>\n\t\t\t\t<\/div>\n\t\t<div class=\"elementor-element elementor-element-b85f591 e-con-full e-flex e-con e-parent\" data-id=\"b85f591\" data-element_type=\"container\" data-settings=\"{&quot;background_background&quot;:&quot;classic&quot;}\">\n\t\t<div class=\"elementor-element elementor-element-3dae005 e-con-full e-flex e-con e-child\" data-id=\"3dae005\" data-element_type=\"container\">\n\t\t\t\t<div class=\"elementor-element elementor-element-a86556d elementor-icon-list--layout-traditional elementor-list-item-link-full_width elementor-widget elementor-widget-icon-list\" data-id=\"a86556d\" data-element_type=\"widget\" data-widget_type=\"icon-list.default\">\n\t\t\t\t<div class=\"elementor-widget-container\">\n\t\t\t\t\t\t\t<ul class=\"elementor-icon-list-items\">\n\t\t\t\t\t\t\t<li class=\"elementor-icon-list-item\">\n\t\t\t\t\t\t\t\t\t\t<span class=\"elementor-icon-list-text\"><b>DATOS:<\/b><\/span>\n\t\t\t\t\t\t\t\t\t<\/li>\n\t\t\t\t\t\t\t\t<li class=\"elementor-icon-list-item\">\n\t\t\t\t\t\t\t\t\t\t<span class=\"elementor-icon-list-text\">DJarquitectura (Juana S\u00e1nchez, Diego Jim\u00e9nez)<\/span>\n\t\t\t\t\t\t\t\t\t<\/li>\n\t\t\t\t\t\t\t\t<li class=\"elementor-icon-list-item\">\n\t\t\t\t\t\t\t\t\t\t<span class=\"elementor-icon-list-text\">Elisa Valero Ramos<\/span>\n\t\t\t\t\t\t\t\t\t<\/li>\n\t\t\t\t\t\t<\/ul>\n\t\t\t\t\t\t<\/div>\n\t\t\t\t<\/div>\n\t\t\t\t<div class=\"elementor-element elementor-element-335c2d9 elementor-icon-list--layout-traditional elementor-list-item-link-full_width elementor-widget elementor-widget-icon-list\" data-id=\"335c2d9\" data-element_type=\"widget\" data-widget_type=\"icon-list.default\">\n\t\t\t\t<div class=\"elementor-widget-container\">\n\t\t\t\t\t\t\t<ul class=\"elementor-icon-list-items\">\n\t\t\t\t\t\t\t<li class=\"elementor-icon-list-item\">\n\t\t\t\t\t\t\t\t\t\t<span class=\"elementor-icon-list-text\"><b>Premios&gt;<\/b><\/span>\n\t\t\t\t\t\t\t\t\t<\/li>\n\t\t\t\t\t\t\t\t<li class=\"elementor-icon-list-item\">\n\t\t\t\t\t\t\t\t\t\t<span class=\"elementor-icon-list-text\">Seleccionado premios FAD 2020.<\/span>\n\t\t\t\t\t\t\t\t\t<\/li>\n\t\t\t\t\t\t<\/ul>\n\t\t\t\t\t\t<\/div>\n\t\t\t\t<\/div>\n\t\t\t\t<div class=\"elementor-element elementor-element-6534ccd elementor-icon-list--layout-traditional elementor-list-item-link-full_width elementor-widget elementor-widget-icon-list\" data-id=\"6534ccd\" data-element_type=\"widget\" data-widget_type=\"icon-list.default\">\n\t\t\t\t<div class=\"elementor-widget-container\">\n\t\t\t\t\t\t\t<ul class=\"elementor-icon-list-items\">\n\t\t\t\t\t\t\t<li class=\"elementor-icon-list-item\">\n\t\t\t\t\t\t\t\t\t\t<span class=\"elementor-icon-list-text\"><b>Ubicaci\u00f3n&gt;<\/b><\/span>\n\t\t\t\t\t\t\t\t\t<\/li>\n\t\t\t\t\t\t\t\t<li class=\"elementor-icon-list-item\">\n\t\t\t\t\t\t\t\t\t\t<span class=\"elementor-icon-list-text\">Puerto de Motril <\/span>\n\t\t\t\t\t\t\t\t\t<\/li>\n\t\t\t\t\t\t\t\t<li class=\"elementor-icon-list-item\">\n\t\t\t\t\t\t\t\t\t\t<span class=\"elementor-icon-list-text\">Granada<\/span>\n\t\t\t\t\t\t\t\t\t<\/li>\n\t\t\t\t\t\t\t\t<li class=\"elementor-icon-list-item\">\n\t\t\t\t\t\t\t\t\t\t<span class=\"elementor-icon-list-text\">Espa\u00f1a<\/span>\n\t\t\t\t\t\t\t\t\t<\/li>\n\t\t\t\t\t\t<\/ul>\n\t\t\t\t\t\t<\/div>\n\t\t\t\t<\/div>\n\t\t\t\t<div class=\"elementor-element elementor-element-08f3d55 elementor-icon-list--layout-traditional elementor-list-item-link-full_width elementor-widget elementor-widget-icon-list\" data-id=\"08f3d55\" data-element_type=\"widget\" data-widget_type=\"icon-list.default\">\n\t\t\t\t<div class=\"elementor-widget-container\">\n\t\t\t\t\t\t\t<ul class=\"elementor-icon-list-items\">\n\t\t\t\t\t\t\t<li class=\"elementor-icon-list-item\">\n\t\t\t\t\t\t\t\t\t\t<span class=\"elementor-icon-list-text\"><b>Promotor&gt;<\/b><\/span>\n\t\t\t\t\t\t\t\t\t<\/li>\n\t\t\t\t\t\t\t\t<li class=\"elementor-icon-list-item\">\n\t\t\t\t\t\t\t\t\t\t<span class=\"elementor-icon-list-text\">Autoridad Portuaria de Motril.<\/span>\n\t\t\t\t\t\t\t\t\t<\/li>\n\t\t\t\t\t\t<\/ul>\n\t\t\t\t\t\t<\/div>\n\t\t\t\t<\/div>\n\t\t\t\t<div class=\"elementor-element elementor-element-da32e52 elementor-icon-list--layout-traditional elementor-list-item-link-full_width elementor-widget elementor-widget-icon-list\" data-id=\"da32e52\" data-element_type=\"widget\" data-widget_type=\"icon-list.default\">\n\t\t\t\t<div class=\"elementor-widget-container\">\n\t\t\t\t\t\t\t<ul class=\"elementor-icon-list-items\">\n\t\t\t\t\t\t\t<li class=\"elementor-icon-list-item\">\n\t\t\t\t\t\t\t\t\t\t<span class=\"elementor-icon-list-text\"><b>Colaboradores&gt;<\/b><\/span>\n\t\t\t\t\t\t\t\t\t<\/li>\n\t\t\t\t\t\t\t\t<li class=\"elementor-icon-list-item\">\n\t\t\t\t\t\t\t\t\t\t<span class=\"elementor-icon-list-text\">Francisco Morillas, arquitecto t\u00e9cnico.<\/span>\n\t\t\t\t\t\t\t\t\t<\/li>\n\t\t\t\t\t\t\t\t<li class=\"elementor-icon-list-item\">\n\t\t\t\t\t\t\t\t\t\t<span class=\"elementor-icon-list-text\">Leonardo Tapiz Buzarra, arquitecto.<\/span>\n\t\t\t\t\t\t\t\t\t<\/li>\n\t\t\t\t\t\t\t\t<li class=\"elementor-icon-list-item\">\n\t\t\t\t\t\t\t\t\t\t<span class=\"elementor-icon-list-text\">C\u00e1lculo de estructuras: Albert de la Fuente Jos\u00e9 Mar\u00eda Vaquero. <\/span>\n\t\t\t\t\t\t\t\t\t<\/li>\n\t\t\t\t\t\t<\/ul>\n\t\t\t\t\t\t<\/div>\n\t\t\t\t<\/div>\n\t\t\t\t<div class=\"elementor-element elementor-element-a0c6fb1 elementor-icon-list--layout-traditional elementor-list-item-link-full_width elementor-widget elementor-widget-icon-list\" data-id=\"a0c6fb1\" data-element_type=\"widget\" data-widget_type=\"icon-list.default\">\n\t\t\t\t<div class=\"elementor-widget-container\">\n\t\t\t\t\t\t\t<ul class=\"elementor-icon-list-items\">\n\t\t\t\t\t\t\t<li class=\"elementor-icon-list-item\">\n\t\t\t\t\t\t\t\t\t\t<span class=\"elementor-icon-list-text\"><b>Fot\u00f3grafo&gt;<\/b><\/span>\n\t\t\t\t\t\t\t\t\t<\/li>\n\t\t\t\t\t\t\t\t<li class=\"elementor-icon-list-item\">\n\t\t\t\t\t\t\t\t\t\t<span class=\"elementor-icon-list-text\">Fernando Alda.<\/span>\n\t\t\t\t\t\t\t\t\t<\/li>\n\t\t\t\t\t\t<\/ul>\n\t\t\t\t\t\t<\/div>\n\t\t\t\t<\/div>\n\t\t\t\t<\/div>\n\t\t\t\t<\/div>\n\t\t\t\t<\/div>","protected":false},"excerpt":{"rendered":"<p>Edificio de transitarios del Puerto de Motril El proyecto nace como experiencia para construir un prototipo de hormig\u00f3n adecuado a entornos marinos. Se ha aplicado una estrategia de investigaci\u00f3n heur\u00edstica que combina el c\u00e1lculo te\u00f3rico con la pr\u00e1ctica en la construcci\u00f3n de dos caso de estudio. Se ha dise\u00f1ado para ello un panel que pudiera [&hellip;]<\/p>","protected":false},"author":1,"featured_media":0,"parent":55,"menu_order":0,"comment_status":"closed","ping_status":"closed","template":"elementor_header_footer","meta":{"footnotes":""},"class_list":["post-421","page","type-page","status-publish","hentry"],"yoast_head":"<!-- This site is optimized with the Yoast SEO plugin v26.2 - https:\/\/yoast.com\/wordpress\/plugins\/seo\/ -->\n<title>Edificio de transitarios del Puerto de Motril - djarquitectura.com<\/title>\n<meta name=\"robots\" content=\"index, follow, max-snippet:-1, max-image-preview:large, max-video-preview:-1\" \/>\n<link rel=\"canonical\" href=\"https:\/\/djarquitectura.com\/en\/proyectos\/edificio-transitarios-puerto-motril\/\" \/>\n<meta property=\"og:locale\" content=\"en_GB\" \/>\n<meta property=\"og:type\" content=\"article\" \/>\n<meta property=\"og:title\" content=\"Edificio de transitarios del Puerto de Motril - djarquitectura.com\" \/>\n<meta property=\"og:description\" content=\"Edificio de transitarios del Puerto de Motril El proyecto nace como experiencia para construir un prototipo de hormig\u00f3n adecuado a entornos marinos. Se ha aplicado una estrategia de investigaci\u00f3n heur\u00edstica que combina el c\u00e1lculo te\u00f3rico con la pr\u00e1ctica en la construcci\u00f3n de dos caso de estudio. Se ha dise\u00f1ado para ello un panel que pudiera [&hellip;]\" \/>\n<meta property=\"og:url\" content=\"https:\/\/djarquitectura.com\/en\/proyectos\/edificio-transitarios-puerto-motril\/\" \/>\n<meta property=\"og:site_name\" content=\"djarquitectura.com\" \/>\n<meta property=\"article:modified_time\" content=\"2024-11-11T14:32:21+00:00\" \/>\n<meta property=\"og:image\" content=\"https:\/\/djarquitectura.com\/wp-content\/uploads\/2024\/11\/020-PABELLON-PREFABRICADO.jpg\" \/>\n<meta name=\"twitter:card\" content=\"summary_large_image\" \/>\n<meta name=\"twitter:label1\" content=\"Estimated reading time\" \/>\n\t<meta name=\"twitter:data1\" content=\"1 minute\" \/>\n<script type=\"application\/ld+json\" class=\"yoast-schema-graph\">{\"@context\":\"https:\/\/schema.org\",\"@graph\":[{\"@type\":\"WebPage\",\"@id\":\"https:\/\/djarquitectura.com\/proyectos\/edificio-transitarios-puerto-motril\/\",\"url\":\"https:\/\/djarquitectura.com\/proyectos\/edificio-transitarios-puerto-motril\/\",\"name\":\"Edificio de transitarios del Puerto de Motril - djarquitectura.com\",\"isPartOf\":{\"@id\":\"https:\/\/djarquitectura.com\/#website\"},\"primaryImageOfPage\":{\"@id\":\"https:\/\/djarquitectura.com\/proyectos\/edificio-transitarios-puerto-motril\/#primaryimage\"},\"image\":{\"@id\":\"https:\/\/djarquitectura.com\/proyectos\/edificio-transitarios-puerto-motril\/#primaryimage\"},\"thumbnailUrl\":\"https:\/\/djarquitectura.com\/wp-content\/uploads\/2024\/11\/020-PABELLON-PREFABRICADO.jpg\",\"datePublished\":\"2024-11-09T07:58:03+00:00\",\"dateModified\":\"2024-11-11T14:32:21+00:00\",\"breadcrumb\":{\"@id\":\"https:\/\/djarquitectura.com\/proyectos\/edificio-transitarios-puerto-motril\/#breadcrumb\"},\"inLanguage\":\"en-GB\",\"potentialAction\":[{\"@type\":\"ReadAction\",\"target\":[\"https:\/\/djarquitectura.com\/proyectos\/edificio-transitarios-puerto-motril\/\"]}]},{\"@type\":\"ImageObject\",\"inLanguage\":\"en-GB\",\"@id\":\"https:\/\/djarquitectura.com\/proyectos\/edificio-transitarios-puerto-motril\/#primaryimage\",\"url\":\"https:\/\/djarquitectura.com\/wp-content\/uploads\/2024\/11\/020-PABELLON-PREFABRICADO.jpg\",\"contentUrl\":\"https:\/\/djarquitectura.com\/wp-content\/uploads\/2024\/11\/020-PABELLON-PREFABRICADO.jpg\"},{\"@type\":\"BreadcrumbList\",\"@id\":\"https:\/\/djarquitectura.com\/proyectos\/edificio-transitarios-puerto-motril\/#breadcrumb\",\"itemListElement\":[{\"@type\":\"ListItem\",\"position\":1,\"name\":\"Inicio\",\"item\":\"https:\/\/djarquitectura.com\/\"},{\"@type\":\"ListItem\",\"position\":2,\"name\":\"Proyectos\",\"item\":\"https:\/\/djarquitectura.com\/proyectos\/\"},{\"@type\":\"ListItem\",\"position\":3,\"name\":\"Edificio de transitarios del Puerto de Motril\"}]},{\"@type\":\"WebSite\",\"@id\":\"https:\/\/djarquitectura.com\/#website\",\"url\":\"https:\/\/djarquitectura.com\/\",\"name\":\"djarquitectura.com\",\"description\":\"\",\"potentialAction\":[{\"@type\":\"SearchAction\",\"target\":{\"@type\":\"EntryPoint\",\"urlTemplate\":\"https:\/\/djarquitectura.com\/?s={search_term_string}\"},\"query-input\":{\"@type\":\"PropertyValueSpecification\",\"valueRequired\":true,\"valueName\":\"search_term_string\"}}],\"inLanguage\":\"en-GB\"}]}<\/script>\n<!-- \/ Yoast SEO plugin. -->","yoast_head_json":{"title":"Edificio de transitarios del Puerto de Motril - djarquitectura.com","robots":{"index":"index","follow":"follow","max-snippet":"max-snippet:-1","max-image-preview":"max-image-preview:large","max-video-preview":"max-video-preview:-1"},"canonical":"https:\/\/djarquitectura.com\/en\/proyectos\/edificio-transitarios-puerto-motril\/","og_locale":"en_GB","og_type":"article","og_title":"Edificio de transitarios del Puerto de Motril - djarquitectura.com","og_description":"Edificio de transitarios del Puerto de Motril El proyecto nace como experiencia para construir un prototipo de hormig\u00f3n adecuado a entornos marinos. Se ha aplicado una estrategia de investigaci\u00f3n heur\u00edstica que combina el c\u00e1lculo te\u00f3rico con la pr\u00e1ctica en la construcci\u00f3n de dos caso de estudio. Se ha dise\u00f1ado para ello un panel que pudiera [&hellip;]","og_url":"https:\/\/djarquitectura.com\/en\/proyectos\/edificio-transitarios-puerto-motril\/","og_site_name":"djarquitectura.com","article_modified_time":"2024-11-11T14:32:21+00:00","og_image":[{"url":"https:\/\/djarquitectura.com\/wp-content\/uploads\/2024\/11\/020-PABELLON-PREFABRICADO.jpg","type":"","width":"","height":""}],"twitter_card":"summary_large_image","twitter_misc":{"Estimated reading time":"1 minute"},"schema":{"@context":"https:\/\/schema.org","@graph":[{"@type":"WebPage","@id":"https:\/\/djarquitectura.com\/proyectos\/edificio-transitarios-puerto-motril\/","url":"https:\/\/djarquitectura.com\/proyectos\/edificio-transitarios-puerto-motril\/","name":"Edificio de transitarios del Puerto de Motril - djarquitectura.com","isPartOf":{"@id":"https:\/\/djarquitectura.com\/#website"},"primaryImageOfPage":{"@id":"https:\/\/djarquitectura.com\/proyectos\/edificio-transitarios-puerto-motril\/#primaryimage"},"image":{"@id":"https:\/\/djarquitectura.com\/proyectos\/edificio-transitarios-puerto-motril\/#primaryimage"},"thumbnailUrl":"https:\/\/djarquitectura.com\/wp-content\/uploads\/2024\/11\/020-PABELLON-PREFABRICADO.jpg","datePublished":"2024-11-09T07:58:03+00:00","dateModified":"2024-11-11T14:32:21+00:00","breadcrumb":{"@id":"https:\/\/djarquitectura.com\/proyectos\/edificio-transitarios-puerto-motril\/#breadcrumb"},"inLanguage":"en-GB","potentialAction":[{"@type":"ReadAction","target":["https:\/\/djarquitectura.com\/proyectos\/edificio-transitarios-puerto-motril\/"]}]},{"@type":"ImageObject","inLanguage":"en-GB","@id":"https:\/\/djarquitectura.com\/proyectos\/edificio-transitarios-puerto-motril\/#primaryimage","url":"https:\/\/djarquitectura.com\/wp-content\/uploads\/2024\/11\/020-PABELLON-PREFABRICADO.jpg","contentUrl":"https:\/\/djarquitectura.com\/wp-content\/uploads\/2024\/11\/020-PABELLON-PREFABRICADO.jpg"},{"@type":"BreadcrumbList","@id":"https:\/\/djarquitectura.com\/proyectos\/edificio-transitarios-puerto-motril\/#breadcrumb","itemListElement":[{"@type":"ListItem","position":1,"name":"Inicio","item":"https:\/\/djarquitectura.com\/"},{"@type":"ListItem","position":2,"name":"Proyectos","item":"https:\/\/djarquitectura.com\/proyectos\/"},{"@type":"ListItem","position":3,"name":"Edificio de transitarios del Puerto de Motril"}]},{"@type":"WebSite","@id":"https:\/\/djarquitectura.com\/#website","url":"https:\/\/djarquitectura.com\/","name":"djarquitectura.com","description":"","potentialAction":[{"@type":"SearchAction","target":{"@type":"EntryPoint","urlTemplate":"https:\/\/djarquitectura.com\/?s={search_term_string}"},"query-input":{"@type":"PropertyValueSpecification","valueRequired":true,"valueName":"search_term_string"}}],"inLanguage":"en-GB"}]}},"_links":{"self":[{"href":"https:\/\/djarquitectura.com\/en\/wp-json\/wp\/v2\/pages\/421","targetHints":{"allow":["GET"]}}],"collection":[{"href":"https:\/\/djarquitectura.com\/en\/wp-json\/wp\/v2\/pages"}],"about":[{"href":"https:\/\/djarquitectura.com\/en\/wp-json\/wp\/v2\/types\/page"}],"author":[{"embeddable":true,"href":"https:\/\/djarquitectura.com\/en\/wp-json\/wp\/v2\/users\/1"}],"replies":[{"embeddable":true,"href":"https:\/\/djarquitectura.com\/en\/wp-json\/wp\/v2\/comments?post=421"}],"version-history":[{"count":26,"href":"https:\/\/djarquitectura.com\/en\/wp-json\/wp\/v2\/pages\/421\/revisions"}],"predecessor-version":[{"id":509,"href":"https:\/\/djarquitectura.com\/en\/wp-json\/wp\/v2\/pages\/421\/revisions\/509"}],"up":[{"embeddable":true,"href":"https:\/\/djarquitectura.com\/en\/wp-json\/wp\/v2\/pages\/55"}],"wp:attachment":[{"href":"https:\/\/djarquitectura.com\/en\/wp-json\/wp\/v2\/media?parent=421"}],"curies":[{"name":"wp","href":"https:\/\/api.w.org\/{rel}","templated":true}]}}