{"id":56,"date":"2024-09-16T14:06:47","date_gmt":"2024-09-16T12:06:47","guid":{"rendered":"https:\/\/djarquitectura.com\/?page_id=56"},"modified":"2024-11-28T20:20:13","modified_gmt":"2024-11-28T19:20:13","slug":"estudio","status":"publish","type":"page","link":"https:\/\/djarquitectura.com\/en\/estudio\/","title":{"rendered":"Estudio"},"content":{"rendered":"<div data-elementor-type=\"wp-page\" data-elementor-id=\"56\" class=\"elementor elementor-56\" data-elementor-post-type=\"page\">\n\t\t\t\t<div class=\"elementor-element elementor-element-d0805ab e-con-full e-flex e-con e-parent\" data-id=\"d0805ab\" data-element_type=\"container\" data-settings=\"{&quot;background_background&quot;:&quot;classic&quot;}\">\n\t\t<div class=\"elementor-element elementor-element-4d78b14c e-con-full e-flex e-con e-child\" data-id=\"4d78b14c\" data-element_type=\"container\">\n\t\t\t\t<div class=\"elementor-element elementor-element-4192856 elementor-widget elementor-widget-breadcrumbs\" data-id=\"4192856\" data-element_type=\"widget\" data-widget_type=\"breadcrumbs.default\">\n\t\t\t\t<div class=\"elementor-widget-container\">\n\t\t\t\t\t<p id=\"breadcrumbs\"><span><span><a href=\"https:\/\/djarquitectura.com\/en\/\">Inicio<\/a><\/span><\/span><\/p>\t\t\t\t<\/div>\n\t\t\t\t<\/div>\n\t\t\t\t<div class=\"elementor-element elementor-element-2ce0374 elementor-widget elementor-widget-heading\" data-id=\"2ce0374\" data-element_type=\"widget\" data-widget_type=\"heading.default\">\n\t\t\t\t<div class=\"elementor-widget-container\">\n\t\t\t\t\t<h1 class=\"elementor-heading-title elementor-size-default\">El estudio<\/h1>\t\t\t\t<\/div>\n\t\t\t\t<\/div>\n\t\t\t\t<div class=\"elementor-element elementor-element-5a02dde2 elementor-widget elementor-widget-text-editor\" data-id=\"5a02dde2\" data-element_type=\"widget\" data-widget_type=\"text-editor.default\">\n\t\t\t\t<div class=\"elementor-widget-container\">\n\t\t\t\t\t\t\t\t\t<p>En DJ Arquitectura, entendemos la arquitectura como una forma de transformar espacios en experiencias significativas. Nuestro estudio se especializa en dise\u00f1ar proyectos que combinan creatividad, funcionalidad y un fuerte v\u00ednculo con el entorno, siempre respetando las necesidades y aspiraciones de nuestros clientes.<\/p><p>Cada proyecto que emprendemos es una oportunidad para explorar nuevas ideas, reflejar identidad y dar vida a espacios \u00fanicos. Nos inspira la est\u00e9tica contempor\u00e1nea, la atenci\u00f3n al detalle y el equilibrio entre innovaci\u00f3n y sostenibilidad. Creamos espacios que cuentan historias \u00fanicas y mejoran la experiencia de quienes los habitan.<\/p>\t\t\t\t\t\t\t\t<\/div>\n\t\t\t\t<\/div>\n\t\t\t\t<\/div>\n\t\t\t\t<\/div>\n\t\t<div class=\"elementor-element elementor-element-5d7678bb e-con-full e-flex e-con e-parent\" data-id=\"5d7678bb\" data-element_type=\"container\">\n\t\t\t\t<div class=\"elementor-element elementor-element-1cabf43e elementor-widget elementor-widget-image\" data-id=\"1cabf43e\" data-element_type=\"widget\" data-widget_type=\"image.default\">\n\t\t\t\t<div class=\"elementor-widget-container\">\n\t\t\t\t\t\t\t\t\t\t\t\t\t\t\t<img fetchpriority=\"high\" decoding=\"async\" width=\"1600\" height=\"698\" src=\"https:\/\/djarquitectura.com\/wp-content\/uploads\/2024\/09\/DJarquitectura-.-Guggenheim-Museum-.-Helsinki-4-1.jpg\" class=\"attachment-full size-full wp-image-75\" alt=\"\" srcset=\"https:\/\/djarquitectura.com\/wp-content\/uploads\/2024\/09\/DJarquitectura-.-Guggenheim-Museum-.-Helsinki-4-1.jpg 1600w, https:\/\/djarquitectura.com\/wp-content\/uploads\/2024\/09\/DJarquitectura-.-Guggenheim-Museum-.-Helsinki-4-1-300x131.jpg 300w, https:\/\/djarquitectura.com\/wp-content\/uploads\/2024\/09\/DJarquitectura-.-Guggenheim-Museum-.-Helsinki-4-1-1024x447.jpg 1024w, https:\/\/djarquitectura.com\/wp-content\/uploads\/2024\/09\/DJarquitectura-.-Guggenheim-Museum-.-Helsinki-4-1-768x335.jpg 768w, https:\/\/djarquitectura.com\/wp-content\/uploads\/2024\/09\/DJarquitectura-.-Guggenheim-Museum-.-Helsinki-4-1-1536x670.jpg 1536w\" sizes=\"(max-width: 1600px) 100vw, 1600px\" \/>\t\t\t\t\t\t\t\t\t\t\t\t\t\t\t<\/div>\n\t\t\t\t<\/div>\n\t\t\t\t<\/div>\n\t\t<div class=\"elementor-element elementor-element-1964f4ec e-con-full e-flex e-con e-parent\" data-id=\"1964f4ec\" data-element_type=\"container\">\n\t\t\t\t<div class=\"elementor-element elementor-element-5ee28280 elementor-widget elementor-widget-image\" data-id=\"5ee28280\" data-element_type=\"widget\" data-widget_type=\"image.default\">\n\t\t\t\t<div class=\"elementor-widget-container\">\n\t\t\t\t\t\t\t\t\t\t\t\t\t\t\t<img decoding=\"async\" width=\"1200\" height=\"630\" src=\"https:\/\/djarquitectura.com\/wp-content\/uploads\/2024\/09\/DJarquitectura-.-EUROPAN-X-.Jarvenpaa-1-1.jpg\" class=\"attachment-full size-full wp-image-76\" alt=\"\" srcset=\"https:\/\/djarquitectura.com\/wp-content\/uploads\/2024\/09\/DJarquitectura-.-EUROPAN-X-.Jarvenpaa-1-1.jpg 1200w, https:\/\/djarquitectura.com\/wp-content\/uploads\/2024\/09\/DJarquitectura-.-EUROPAN-X-.Jarvenpaa-1-1-300x158.jpg 300w, https:\/\/djarquitectura.com\/wp-content\/uploads\/2024\/09\/DJarquitectura-.-EUROPAN-X-.Jarvenpaa-1-1-1024x538.jpg 1024w, https:\/\/djarquitectura.com\/wp-content\/uploads\/2024\/09\/DJarquitectura-.-EUROPAN-X-.Jarvenpaa-1-1-768x403.jpg 768w\" sizes=\"(max-width: 1200px) 100vw, 1200px\" \/>\t\t\t\t\t\t\t\t\t\t\t\t\t\t\t<\/div>\n\t\t\t\t<\/div>\n\t\t\t\t<\/div>\n\t\t\t\t<\/div>","protected":false},"excerpt":{"rendered":"<p>El estudio En DJ Arquitectura, entendemos la arquitectura como una forma de transformar espacios en experiencias significativas. Nuestro estudio se especializa en dise\u00f1ar proyectos que combinan creatividad, funcionalidad y un fuerte v\u00ednculo con el entorno, siempre respetando las necesidades y aspiraciones de nuestros clientes. Cada proyecto que emprendemos es una oportunidad para explorar nuevas ideas, [&hellip;]<\/p>","protected":false},"author":1,"featured_media":0,"parent":0,"menu_order":0,"comment_status":"closed","ping_status":"closed","template":"elementor_header_footer","meta":{"footnotes":""},"class_list":["post-56","page","type-page","status-publish","hentry"],"yoast_head":"<!-- This site is optimized with the Yoast SEO plugin v26.2 - https:\/\/yoast.com\/wordpress\/plugins\/seo\/ -->\n<title>Estudio de arquitectura | DJarquitectura<\/title>\n<meta name=\"description\" content=\"En DJarquitectura dise\u00f1amos y desarrollamos proyectos arquitect\u00f3nicos innovadores. Creamos lugares que inspiran, conectan y perduran\" \/>\n<meta name=\"robots\" content=\"index, follow, max-snippet:-1, max-image-preview:large, max-video-preview:-1\" \/>\n<link rel=\"canonical\" href=\"https:\/\/djarquitectura.com\/en\/estudio\/\" \/>\n<meta property=\"og:locale\" content=\"en_GB\" \/>\n<meta property=\"og:type\" content=\"article\" \/>\n<meta property=\"og:title\" content=\"Estudio de arquitectura | DJarquitectura\" \/>\n<meta property=\"og:description\" content=\"En DJarquitectura dise\u00f1amos y desarrollamos proyectos arquitect\u00f3nicos innovadores. Creamos lugares que inspiran, conectan y perduran\" \/>\n<meta property=\"og:url\" content=\"https:\/\/djarquitectura.com\/en\/estudio\/\" \/>\n<meta property=\"og:site_name\" content=\"djarquitectura.com\" \/>\n<meta property=\"article:modified_time\" content=\"2024-11-28T19:20:13+00:00\" \/>\n<meta property=\"og:image\" content=\"https:\/\/djarquitectura.com\/wp-content\/uploads\/2024\/09\/DJarquitectura-.-Guggenheim-Museum-.-Helsinki-4-1.jpg\" \/>\n<meta name=\"twitter:card\" content=\"summary_large_image\" \/>\n<meta name=\"twitter:label1\" content=\"Estimated reading time\" \/>\n\t<meta name=\"twitter:data1\" content=\"1 minute\" \/>\n<script type=\"application\/ld+json\" class=\"yoast-schema-graph\">{\"@context\":\"https:\/\/schema.org\",\"@graph\":[{\"@type\":\"WebPage\",\"@id\":\"https:\/\/djarquitectura.com\/estudio\/\",\"url\":\"https:\/\/djarquitectura.com\/estudio\/\",\"name\":\"Estudio de arquitectura | DJarquitectura\",\"isPartOf\":{\"@id\":\"https:\/\/djarquitectura.com\/#website\"},\"primaryImageOfPage\":{\"@id\":\"https:\/\/djarquitectura.com\/estudio\/#primaryimage\"},\"image\":{\"@id\":\"https:\/\/djarquitectura.com\/estudio\/#primaryimage\"},\"thumbnailUrl\":\"https:\/\/djarquitectura.com\/wp-content\/uploads\/2024\/09\/DJarquitectura-.-Guggenheim-Museum-.-Helsinki-4-1.jpg\",\"datePublished\":\"2024-09-16T12:06:47+00:00\",\"dateModified\":\"2024-11-28T19:20:13+00:00\",\"description\":\"En DJarquitectura dise\u00f1amos y desarrollamos proyectos arquitect\u00f3nicos innovadores. Creamos lugares que inspiran, conectan y perduran\",\"breadcrumb\":{\"@id\":\"https:\/\/djarquitectura.com\/estudio\/#breadcrumb\"},\"inLanguage\":\"en-GB\",\"potentialAction\":[{\"@type\":\"ReadAction\",\"target\":[\"https:\/\/djarquitectura.com\/estudio\/\"]}]},{\"@type\":\"ImageObject\",\"inLanguage\":\"en-GB\",\"@id\":\"https:\/\/djarquitectura.com\/estudio\/#primaryimage\",\"url\":\"https:\/\/djarquitectura.com\/wp-content\/uploads\/2024\/09\/DJarquitectura-.-Guggenheim-Museum-.-Helsinki-4-1.jpg\",\"contentUrl\":\"https:\/\/djarquitectura.com\/wp-content\/uploads\/2024\/09\/DJarquitectura-.-Guggenheim-Museum-.-Helsinki-4-1.jpg\"},{\"@type\":\"BreadcrumbList\",\"@id\":\"https:\/\/djarquitectura.com\/estudio\/#breadcrumb\",\"itemListElement\":[{\"@type\":\"ListItem\",\"position\":1,\"name\":\"Inicio\",\"item\":\"https:\/\/djarquitectura.com\/\"},{\"@type\":\"ListItem\",\"position\":2,\"name\":\"Estudio\"}]},{\"@type\":\"WebSite\",\"@id\":\"https:\/\/djarquitectura.com\/#website\",\"url\":\"https:\/\/djarquitectura.com\/\",\"name\":\"djarquitectura.com\",\"description\":\"\",\"potentialAction\":[{\"@type\":\"SearchAction\",\"target\":{\"@type\":\"EntryPoint\",\"urlTemplate\":\"https:\/\/djarquitectura.com\/?s={search_term_string}\"},\"query-input\":{\"@type\":\"PropertyValueSpecification\",\"valueRequired\":true,\"valueName\":\"search_term_string\"}}],\"inLanguage\":\"en-GB\"}]}<\/script>\n<!-- \/ Yoast SEO plugin. -->","yoast_head_json":{"title":"Estudio de arquitectura | DJarquitectura","description":"En DJarquitectura dise\u00f1amos y desarrollamos proyectos arquitect\u00f3nicos innovadores. Creamos lugares que inspiran, conectan y perduran","robots":{"index":"index","follow":"follow","max-snippet":"max-snippet:-1","max-image-preview":"max-image-preview:large","max-video-preview":"max-video-preview:-1"},"canonical":"https:\/\/djarquitectura.com\/en\/estudio\/","og_locale":"en_GB","og_type":"article","og_title":"Estudio de arquitectura | DJarquitectura","og_description":"En DJarquitectura dise\u00f1amos y desarrollamos proyectos arquitect\u00f3nicos innovadores. Creamos lugares que inspiran, conectan y perduran","og_url":"https:\/\/djarquitectura.com\/en\/estudio\/","og_site_name":"djarquitectura.com","article_modified_time":"2024-11-28T19:20:13+00:00","og_image":[{"url":"https:\/\/djarquitectura.com\/wp-content\/uploads\/2024\/09\/DJarquitectura-.-Guggenheim-Museum-.-Helsinki-4-1.jpg","type":"","width":"","height":""}],"twitter_card":"summary_large_image","twitter_misc":{"Estimated reading time":"1 minute"},"schema":{"@context":"https:\/\/schema.org","@graph":[{"@type":"WebPage","@id":"https:\/\/djarquitectura.com\/estudio\/","url":"https:\/\/djarquitectura.com\/estudio\/","name":"Estudio de arquitectura | DJarquitectura","isPartOf":{"@id":"https:\/\/djarquitectura.com\/#website"},"primaryImageOfPage":{"@id":"https:\/\/djarquitectura.com\/estudio\/#primaryimage"},"image":{"@id":"https:\/\/djarquitectura.com\/estudio\/#primaryimage"},"thumbnailUrl":"https:\/\/djarquitectura.com\/wp-content\/uploads\/2024\/09\/DJarquitectura-.-Guggenheim-Museum-.-Helsinki-4-1.jpg","datePublished":"2024-09-16T12:06:47+00:00","dateModified":"2024-11-28T19:20:13+00:00","description":"En DJarquitectura dise\u00f1amos y desarrollamos proyectos arquitect\u00f3nicos innovadores. Creamos lugares que inspiran, conectan y perduran","breadcrumb":{"@id":"https:\/\/djarquitectura.com\/estudio\/#breadcrumb"},"inLanguage":"en-GB","potentialAction":[{"@type":"ReadAction","target":["https:\/\/djarquitectura.com\/estudio\/"]}]},{"@type":"ImageObject","inLanguage":"en-GB","@id":"https:\/\/djarquitectura.com\/estudio\/#primaryimage","url":"https:\/\/djarquitectura.com\/wp-content\/uploads\/2024\/09\/DJarquitectura-.-Guggenheim-Museum-.-Helsinki-4-1.jpg","contentUrl":"https:\/\/djarquitectura.com\/wp-content\/uploads\/2024\/09\/DJarquitectura-.-Guggenheim-Museum-.-Helsinki-4-1.jpg"},{"@type":"BreadcrumbList","@id":"https:\/\/djarquitectura.com\/estudio\/#breadcrumb","itemListElement":[{"@type":"ListItem","position":1,"name":"Inicio","item":"https:\/\/djarquitectura.com\/"},{"@type":"ListItem","position":2,"name":"Estudio"}]},{"@type":"WebSite","@id":"https:\/\/djarquitectura.com\/#website","url":"https:\/\/djarquitectura.com\/","name":"djarquitectura.com","description":"","potentialAction":[{"@type":"SearchAction","target":{"@type":"EntryPoint","urlTemplate":"https:\/\/djarquitectura.com\/?s={search_term_string}"},"query-input":{"@type":"PropertyValueSpecification","valueRequired":true,"valueName":"search_term_string"}}],"inLanguage":"en-GB"}]}},"_links":{"self":[{"href":"https:\/\/djarquitectura.com\/en\/wp-json\/wp\/v2\/pages\/56","targetHints":{"allow":["GET"]}}],"collection":[{"href":"https:\/\/djarquitectura.com\/en\/wp-json\/wp\/v2\/pages"}],"about":[{"href":"https:\/\/djarquitectura.com\/en\/wp-json\/wp\/v2\/types\/page"}],"author":[{"embeddable":true,"href":"https:\/\/djarquitectura.com\/en\/wp-json\/wp\/v2\/users\/1"}],"replies":[{"embeddable":true,"href":"https:\/\/djarquitectura.com\/en\/wp-json\/wp\/v2\/comments?post=56"}],"version-history":[{"count":19,"href":"https:\/\/djarquitectura.com\/en\/wp-json\/wp\/v2\/pages\/56\/revisions"}],"predecessor-version":[{"id":532,"href":"https:\/\/djarquitectura.com\/en\/wp-json\/wp\/v2\/pages\/56\/revisions\/532"}],"wp:attachment":[{"href":"https:\/\/djarquitectura.com\/en\/wp-json\/wp\/v2\/media?parent=56"}],"curies":[{"name":"wp","href":"https:\/\/api.w.org\/{rel}","templated":true}]}}